{"id":981,"date":"2022-12-07T09:50:06","date_gmt":"2022-12-07T08:50:06","guid":{"rendered":"https:\/\/lexer-cfdt.com\/?page_id=981"},"modified":"2023-04-05T14:03:08","modified_gmt":"2023-04-05T12:03:08","slug":"les-cadres","status":"publish","type":"page","link":"https:\/\/lexer-cfdt.com\/index.php\/les-cadres\/","title":{"rendered":"Cadres"},"content":{"rendered":"\n<h2 class=\"wp-block-heading has-text-align-center has-larger-font-size\">DOSSIER : STRESS DES CADRES ET RISQUES PSYCHOSOCIAUX<\/h2>\n\n\n<div class=\"wp-block-image\">\n<figure class=\"aligncenter size-full\"><a href=\"https:\/\/lexer-cfdt.com\/wp-content\/uploads\/2022\/12\/Plaquette-CFDT-Cadres-Stress-des-cadres-des-risques-a-prevenir1.pdf\"><img loading=\"lazy\" decoding=\"async\" width=\"709\" height=\"880\" src=\"https:\/\/lexer-cfdt.com\/wp-content\/uploads\/2022\/12\/Capture-decran-2022-12-10-162959.png\" alt=\"\" class=\"wp-image-1042\" srcset=\"https:\/\/lexer-cfdt.com\/wp-content\/uploads\/2022\/12\/Capture-decran-2022-12-10-162959.png 709w, https:\/\/lexer-cfdt.com\/wp-content\/uploads\/2022\/12\/Capture-decran-2022-12-10-162959-242x300.png 242w\" sizes=\"auto, (max-width: 709px) 100vw, 709px\" \/><\/a><figcaption class=\"wp-element-caption\"><a href=\"https:\/\/lexer-cfdt.com\/wp-content\/uploads\/2022\/12\/Plaquette-CFDT-Cadres-La-CFDT-n\u00b01-chez-les-cadres.pdf\"><\/a>Cliquer sur l&rsquo;image pour t\u00e9l\u00e9charger le document.<\/figcaption><\/figure>\n<\/div>\n\n\n<h2 class=\"wp-block-heading has-text-align-center has-larger-font-size\">DOSSIER : L&rsquo;USAGE DE L&rsquo;INTELLIGENCE ARTIFICIELLE DANS L&rsquo;ENTREPRISE<\/h2>\n\n\n<div class=\"wp-block-image\">\n<figure class=\"aligncenter size-full\"><a href=\"https:\/\/lexer-cfdt.com\/wp-content\/uploads\/2022\/12\/Plaquette-CFDT-Cadres-IA-lHumain-aux-commandes1.pdf\"><img loading=\"lazy\" decoding=\"async\" width=\"709\" height=\"880\" src=\"https:\/\/lexer-cfdt.com\/wp-content\/uploads\/2022\/12\/Capture-decran-2022-12-10-163448.png\" alt=\"\" class=\"wp-image-1044\" srcset=\"https:\/\/lexer-cfdt.com\/wp-content\/uploads\/2022\/12\/Capture-decran-2022-12-10-163448.png 709w, https:\/\/lexer-cfdt.com\/wp-content\/uploads\/2022\/12\/Capture-decran-2022-12-10-163448-242x300.png 242w\" sizes=\"auto, (max-width: 709px) 100vw, 709px\" \/><\/a><figcaption class=\"wp-element-caption\"><a href=\"https:\/\/lexer-cfdt.com\/wp-content\/uploads\/2022\/12\/Plaquette-CFDT-Cadres-La-CFDT-n\u00b01-chez-les-cadres.pdf\"><\/a>Cliquer sur l&rsquo;image pour t\u00e9l\u00e9charger le document.<\/figcaption><\/figure>\n<\/div>\n\n\n<h2 class=\"wp-block-heading has-text-align-center has-larger-font-size\">SALAIRE DES CADRES<\/h2>\n\n\n\n<p>1000 cadres du priv\u00e9 ont \u00e9t\u00e9 interrog\u00e9s en ao\u00fbt 2022 par l\u2019APEC sur leur r\u00e9mun\u00e9ration. Les r\u00e9sultats de l\u2019\u00e9tude sur le site de la<a rel=\"noreferrer noopener\" href=\"https:\/\/www.cadrescfdt.fr\/actualites\/salaires-cadres-du-prive-etes-vous-satisfaits\" target=\"_blank\"> CFDT Cadre.<\/a><\/p>\n\n\n\n<h2 class=\"wp-block-heading has-text-align-center has-larger-font-size\">DOSSIER : LES ENTRETIENS D\u2019\u00c9VALUATION<\/h2>\n\n\n<div class=\"wp-block-image\">\n<figure class=\"aligncenter size-full\"><a href=\"https:\/\/lexer-cfdt.com\/wp-content\/uploads\/2022\/12\/Plaquette-CFDT-Cadres-Levaluation-halte-au-rendez-vous-manques.pdf\"><img loading=\"lazy\" decoding=\"async\" width=\"813\" height=\"915\" src=\"https:\/\/lexer-cfdt.com\/wp-content\/uploads\/2022\/12\/Capture-decran-du-2022-12-29-08-36-09.png\" alt=\"\" class=\"wp-image-1119\" srcset=\"https:\/\/lexer-cfdt.com\/wp-content\/uploads\/2022\/12\/Capture-decran-du-2022-12-29-08-36-09.png 813w, https:\/\/lexer-cfdt.com\/wp-content\/uploads\/2022\/12\/Capture-decran-du-2022-12-29-08-36-09-267x300.png 267w, https:\/\/lexer-cfdt.com\/wp-content\/uploads\/2022\/12\/Capture-decran-du-2022-12-29-08-36-09-768x864.png 768w\" sizes=\"auto, (max-width: 813px) 100vw, 813px\" \/><\/a><figcaption class=\"wp-element-caption\"><a href=\"https:\/\/lexer-cfdt.com\/wp-content\/uploads\/2022\/12\/Plaquette-CFDT-Cadres-La-CFDT-n\u00b01-chez-les-cadres.pdf\"><\/a>Cliquer sur l&rsquo;image pour t\u00e9l\u00e9charger le document.<\/figcaption><\/figure>\n<\/div>\n\n<div class=\"wp-block-image\">\n<figure class=\"aligncenter size-full\"><a href=\"https:\/\/lexer-cfdt.com\/wp-content\/uploads\/2022\/12\/Plaquette-CFDT-Cadres-La-CFDT-n\u00b01-chez-les-cadres.pdf\"><img loading=\"lazy\" decoding=\"async\" width=\"724\" height=\"918\" src=\"https:\/\/lexer-cfdt.com\/wp-content\/uploads\/2022\/12\/Capture-decran-du-2022-12-29-08-42-59.png\" alt=\"\" class=\"wp-image-1126\" srcset=\"https:\/\/lexer-cfdt.com\/wp-content\/uploads\/2022\/12\/Capture-decran-du-2022-12-29-08-42-59.png 724w, https:\/\/lexer-cfdt.com\/wp-content\/uploads\/2022\/12\/Capture-decran-du-2022-12-29-08-42-59-237x300.png 237w\" sizes=\"auto, (max-width: 724px) 100vw, 724px\" \/><\/a><figcaption class=\"wp-element-caption\">Cliquer sur l&rsquo;image pour t\u00e9l\u00e9charger le document.<\/figcaption><\/figure>\n<\/div>\n\n","protected":false},"excerpt":{"rendered":"<p>DOSSIER : STRESS DES CADRES ET RISQUES PSYCHOSOCIAUX DOSSIER : L&rsquo;USAGE DE L&rsquo;INTELLIGENCE ARTIFICIELLE DANS L&rsquo;ENTREPRISE SALAIRE DES CADRES 1000 cadres du priv\u00e9 ont \u00e9t\u00e9 interrog\u00e9s en ao\u00fbt 2022 par l\u2019APEC sur leur r\u00e9mun\u00e9ration. Les r\u00e9sultats de l\u2019\u00e9tude sur le site de la CFDT Cadre. DOSSIER : LES ENTRETIENS D\u2019\u00c9VALUATION<\/p>\n","protected":false},"author":4,"featured_media":994,"parent":0,"menu_order":0,"comment_status":"closed","ping_status":"closed","template":"","meta":{"footnotes":""},"class_list":["post-981","page","type-page","status-publish","has-post-thumbnail","hentry"],"_links":{"self":[{"href":"https:\/\/lexer-cfdt.com\/index.php\/wp-json\/wp\/v2\/pages\/981","targetHints":{"allow":["GET"]}}],"collection":[{"href":"https:\/\/lexer-cfdt.com\/index.php\/wp-json\/wp\/v2\/pages"}],"about":[{"href":"https:\/\/lexer-cfdt.com\/index.php\/wp-json\/wp\/v2\/types\/page"}],"author":[{"embeddable":true,"href":"https:\/\/lexer-cfdt.com\/index.php\/wp-json\/wp\/v2\/users\/4"}],"replies":[{"embeddable":true,"href":"https:\/\/lexer-cfdt.com\/index.php\/wp-json\/wp\/v2\/comments?post=981"}],"version-history":[{"count":22,"href":"https:\/\/lexer-cfdt.com\/index.php\/wp-json\/wp\/v2\/pages\/981\/revisions"}],"predecessor-version":[{"id":1437,"href":"https:\/\/lexer-cfdt.com\/index.php\/wp-json\/wp\/v2\/pages\/981\/revisions\/1437"}],"wp:featuredmedia":[{"embeddable":true,"href":"https:\/\/lexer-cfdt.com\/index.php\/wp-json\/wp\/v2\/media\/994"}],"wp:attachment":[{"href":"https:\/\/lexer-cfdt.com\/index.php\/wp-json\/wp\/v2\/media?parent=981"}],"curies":[{"name":"wp","href":"https:\/\/api.w.org\/{rel}","templated":true}]}}