{"id":30,"date":"2022-03-25T15:19:30","date_gmt":"2022-03-25T14:19:30","guid":{"rendered":"https:\/\/lexer-cfdt.com\/?page_id=30"},"modified":"2026-03-06T00:02:22","modified_gmt":"2026-03-05T23:02:22","slug":"lequipe-cfdt-rexel","status":"publish","type":"page","link":"https:\/\/lexer-cfdt.com\/index.php\/lequipe-cfdt-rexel\/","title":{"rendered":"L&rsquo;\u00e9quipe CFDT Rexel"},"content":{"rendered":"\n<h2 class=\"wp-block-heading alignwide has-text-align-center\">Vos d\u00e9l\u00e9gu\u00e9s syndicaux<\/h2>\n\n\n\n<figure class=\"wp-block-image size-full is-resized\"><img loading=\"lazy\" decoding=\"async\" width=\"97\" height=\"122\" src=\"https:\/\/lexer-cfdt.com\/wp-content\/uploads\/2022\/04\/Screenshot-2022-04-08-at-17-39-10-CSE-REXEL-FRANCE-Trombinoscope.png\" alt=\"\" class=\"wp-image-90\" style=\"width:96px;height:auto\"\/><figcaption class=\"wp-element-caption\">Jean-Marc Le Guillou &#8211; Charg\u00e9 Expertise et Solutions<br>Relais local sur les accords \u00ab\u00a0handicap\u00a0\u00bb et \u00ab\u00a0s\u00e9nior\u00a0\u00bb<br>06 26 61 20 56 &#8211; <a href=\"mailto:jean-marc.leguillou@rexel.fr\">jean-marc.leguillou@rexel.fr<\/a><\/figcaption><\/figure>\n\n\n\n<figure class=\"wp-block-image size-full is-resized\"><img loading=\"lazy\" decoding=\"async\" width=\"476\" height=\"534\" src=\"https:\/\/lexer-cfdt.com\/wp-content\/uploads\/2022\/08\/fabien.jpg\" alt=\"\" class=\"wp-image-580\" style=\"aspect-ratio:0.8913857677902621;width:98px;height:auto\" srcset=\"https:\/\/lexer-cfdt.com\/wp-content\/uploads\/2022\/08\/fabien.jpg 476w, https:\/\/lexer-cfdt.com\/wp-content\/uploads\/2022\/08\/fabien-267x300.jpg 267w\" sizes=\"auto, (max-width: 476px) 100vw, 476px\" \/><figcaption class=\"wp-element-caption\">Fabien Mercier &#8211; Responsable d&rsquo;agence <br>Relais local sur l&rsquo;accord \u00ab\u00a0s\u00e9nior\u00a0\u00bb<br>06 72 87 83 37 &#8211; <a href=\"mailto:fabien.mercier@rexel.fr\">fabien.mercier@rexel.fr<\/a><\/figcaption><\/figure>\n\n\n\n<figure class=\"wp-block-image size-full is-resized\"><img loading=\"lazy\" decoding=\"async\" width=\"66\" height=\"89\" src=\"https:\/\/lexer-cfdt.com\/wp-content\/uploads\/2023\/11\/Isabelle.png\" alt=\"\" class=\"wp-image-1630\" style=\"aspect-ratio:0.7774011299435029;width:101px;height:auto\"\/><figcaption class=\"wp-element-caption\">Isabelle Grellier &#8211; Technico-Commerciale<br>Relais local sur les accords \u00ab\u00a0handicap\u00a0\u00bb et \u00ab\u00a0s\u00e9nior\u00a0\u00bb<br>06 60 62 32 48 &#8211; <a href=\"mailto:isabelle.grellier@rexel.fr\">isabelle.grellier@rexel.fr<\/a><\/figcaption><\/figure>\n\n\n\n<figure class=\"wp-block-image size-full is-resized\"><img loading=\"lazy\" decoding=\"async\" width=\"99\" height=\"127\" src=\"https:\/\/lexer-cfdt.com\/wp-content\/uploads\/2025\/01\/Christophe-Ortolan.jpg\" alt=\"\" class=\"wp-image-1938\" style=\"aspect-ratio:0.9083969465648855;width:97px;height:auto\"\/><figcaption class=\"wp-element-caption\">Christophe ORTOLAN &#8211; Charg\u00e9 de client\u00e9le<br>06 60 32 46 09 &#8211; <a href=\"mailto:christophe.ortolan@rexel.fr\">christophe.ortolan@rexel.fr<\/a><\/figcaption><\/figure>\n\n\n\n<h2 class=\"wp-block-heading alignwide has-text-align-center\">Repr\u00e9sentante syndicale au CSE<\/h2>\n\n\n\n<figure class=\"wp-block-image size-full is-resized\"><img loading=\"lazy\" decoding=\"async\" width=\"67\" height=\"88\" src=\"https:\/\/lexer-cfdt.com\/wp-content\/uploads\/2023\/11\/Marie.png\" alt=\"\" class=\"wp-image-1631\" style=\"aspect-ratio:0.7450980392156863;width:96px;height:auto\"\/><figcaption class=\"wp-element-caption\">Marie-Esther COUVEZ &#8211; Assistante CLR <br>06 08 72 59 34  &#8211; <a href=\"mailto:marie-esther.couvez@rexel.fr\">marie-esther.couvez@rexel.fr<\/a><\/figcaption><\/figure>\n\n\n\n<h2 class=\"wp-block-heading alignwide has-text-align-center\">Vos \u00e9lus au CSE<\/h2>\n\n\n\n<figure class=\"wp-block-image alignwide size-large\"><img loading=\"lazy\" decoding=\"async\" width=\"1024\" height=\"576\" src=\"https:\/\/lexer-cfdt.com\/wp-content\/uploads\/2026\/02\/Trombi-elus-CFDT-2023-pdf-1024x576.jpg\" alt=\"\" class=\"wp-image-2264\"\/><\/figure>\n\n\n\n<p class=\"has-accent-color has-text-color\">Nous sommes majoritaires au CSE avec 14 \u00e9lus sur 28 postes concernant les titulaires (8 postes pour les suppl\u00e9ants).<\/p>\n\n\n\n<p class=\"has-accent-color has-text-color\"><strong>17 sur 2<\/strong>2 <strong>\u00e9lus titulaires et suppl\u00e9ants de la CFDT se sont positionn\u00e9s dans diff\u00e9rents engagements :<\/strong><\/p>\n\n\n\n<p>Secr\u00e9taire CSE : Karine VALENTIN<\/p>\n\n\n\n<p>Secr\u00e9taire Adjoint CSE : Christophe ORTOLAN<\/p>\n\n\n\n<p>R\u00e9f\u00e9rent harc\u00e8lement sexuel et sexiste : Priscilla MORELLE<\/p>\n\n\n\n<p>Commission CSSCT : Val\u00e9rie LEPINE, Daniel GUERIN, Jorge DA SILVA, Fabien MERCIER, Sabrina GORIN<\/p>\n\n\n\n<p>Commission \u00e9conomique :  Jean-Marc LE GUILLOU et Pierre SGANGA.<\/p>\n\n\n\n<p>Commission formation : Christophe ORTOLAN, Isabelle GRELLIER, Jorge DA SILVA.<\/p>\n\n\n\n<p>Commission \u00e9galit\u00e9 professionnelle : Isabelle GRELLIER et Karine VALENTIN.<\/p>\n\n\n\n<p>Commission logement : Lovensky ETIENNE, Khadija LATRECHE, Rabah GOUDJIL.<\/p>\n\n\n\n<p>Repr\u00e9sentants au Conseil d&rsquo;Administration : Jean-Marc LE GUILLOU<\/p>\n\n\n\n<p>Commission des Activit\u00e9s Sociales et Culturelles (ASC) : Eva COHEN, Benjamin LAREDE, Dorsaf SAIDI, Karine VALENTIN, Rabah GOUDJIL.<\/p>\n\n\n\n<p>Commission du Budget du CSE : Fabien MERCIER<\/p>\n\n\n\n<p>Commission des Affaires sociales : Jean-Marc LE GUILLOU, Khadija LATRECHE, Rabah GOUDJIL.<\/p>\n\n\n\n<figure class=\"wp-block-image size-full\"><img loading=\"lazy\" decoding=\"async\" width=\"587\" height=\"271\" src=\"https:\/\/lexer-cfdt.com\/wp-content\/uploads\/2025\/01\/Tous_ensemble.png\" alt=\"\" class=\"wp-image-1941\" srcset=\"https:\/\/lexer-cfdt.com\/wp-content\/uploads\/2025\/01\/Tous_ensemble.png 587w, https:\/\/lexer-cfdt.com\/wp-content\/uploads\/2025\/01\/Tous_ensemble-300x139.png 300w\" sizes=\"auto, (max-width: 587px) 100vw, 587px\" \/><\/figure>\n\n\n\n<h2 class=\"wp-block-heading has-background-color has-background-background-color has-text-color has-background\">Lexer Rexel<\/h2>\n","protected":false},"excerpt":{"rendered":"<p>Vos d\u00e9l\u00e9gu\u00e9s syndicaux Repr\u00e9sentante syndicale au CSE Vos \u00e9lus au CSE Nous sommes majoritaires au CSE avec 14 \u00e9lus sur 28 postes concernant les titulaires (8 postes pour les suppl\u00e9ants). 17 sur 22 \u00e9lus titulaires et suppl\u00e9ants de la CFDT se sont positionn\u00e9s dans diff\u00e9rents engagements : Secr\u00e9taire CSE : Karine VALENTIN Secr\u00e9taire Adjoint CSE [&hellip;]<\/p>\n","protected":false},"author":4,"featured_media":951,"parent":0,"menu_order":0,"comment_status":"closed","ping_status":"closed","template":"","meta":{"footnotes":""},"class_list":["post-30","page","type-page","status-publish","has-post-thumbnail","hentry"],"_links":{"self":[{"href":"https:\/\/lexer-cfdt.com\/index.php\/wp-json\/wp\/v2\/pages\/30","targetHints":{"allow":["GET"]}}],"collection":[{"href":"https:\/\/lexer-cfdt.com\/index.php\/wp-json\/wp\/v2\/pages"}],"about":[{"href":"https:\/\/lexer-cfdt.com\/index.php\/wp-json\/wp\/v2\/types\/page"}],"author":[{"embeddable":true,"href":"https:\/\/lexer-cfdt.com\/index.php\/wp-json\/wp\/v2\/users\/4"}],"replies":[{"embeddable":true,"href":"https:\/\/lexer-cfdt.com\/index.php\/wp-json\/wp\/v2\/comments?post=30"}],"version-history":[{"count":70,"href":"https:\/\/lexer-cfdt.com\/index.php\/wp-json\/wp\/v2\/pages\/30\/revisions"}],"predecessor-version":[{"id":2326,"href":"https:\/\/lexer-cfdt.com\/index.php\/wp-json\/wp\/v2\/pages\/30\/revisions\/2326"}],"wp:featuredmedia":[{"embeddable":true,"href":"https:\/\/lexer-cfdt.com\/index.php\/wp-json\/wp\/v2\/media\/951"}],"wp:attachment":[{"href":"https:\/\/lexer-cfdt.com\/index.php\/wp-json\/wp\/v2\/media?parent=30"}],"curies":[{"name":"wp","href":"https:\/\/api.w.org\/{rel}","templated":true}]}}