{"id":3,"date":"2022-02-18T14:00:38","date_gmt":"2022-02-18T13:00:38","guid":{"rendered":"http:\/\/lexer-cfdt.com\/?page_id=3"},"modified":"2022-04-29T14:53:02","modified_gmt":"2022-04-29T12:53:02","slug":"politique-de-confidentialite","status":"publish","type":"page","link":"https:\/\/lexer-cfdt.com\/index.php\/politique-de-confidentialite\/","title":{"rendered":"Politique de confidentialit\u00e9"},"content":{"rendered":"\n<h2 class=\"has-accent-color has-text-color wp-block-heading\">Qui sommes-nous&nbsp;?<\/h2>\n\n\n\n<p class=\"has-accent-color has-text-color\">Nous sommes les repr\u00e9sentants d\u00e9sign\u00e9s par la CFDT pour repr\u00e9senter l&rsquo;organisation syndicale dans le dialogue avec la direction de Rexel France. L\u2019adresse de notre site est&nbsp;: https:\/\/lexer-cfdt.com.<\/p>\n\n\n\n<p><\/p>\n\n\n\n<h2 class=\"has-accent-color has-text-color wp-block-heading\">Cookies<\/h2>\n\n\n\n<p class=\"has-accent-color has-text-color\">Si vous vous rendez sur la page de connexion, un cookie temporaire sera cr\u00e9\u00e9 afin de d\u00e9terminer si votre navigateur accepte les cookies. Il ne contient pas de donn\u00e9es personnelles et sera supprim\u00e9 automatiquement \u00e0 la fermeture de votre navigateur.<\/p>\n\n\n\n<p class=\"has-accent-color has-text-color\">Lorsque vous vous connecterez, nous mettrons en place un certain nombre de cookies pour enregistrer vos informations de connexion et vos pr\u00e9f\u00e9rences d\u2019\u00e9cran. La dur\u00e9e de vie d\u2019un cookie de connexion est de deux jours, celle d\u2019un cookie d\u2019option d\u2019\u00e9cran est d\u2019un an. Si vous cochez \u00ab&nbsp;Se souvenir de moi&nbsp;\u00bb, votre cookie de connexion sera conserv\u00e9 pendant deux semaines. Si vous vous d\u00e9connectez de votre compte, le cookie de connexion sera effac\u00e9.<\/p>\n\n\n\n<p class=\"has-accent-color has-text-color\"><\/p>\n\n\n\n<h2 class=\"has-accent-color has-text-color wp-block-heading\">Contenu embarqu\u00e9 depuis d\u2019autres sites<\/h2>\n\n\n\n<p class=\"has-accent-color has-text-color\">Les articles de ce site peuvent inclure des contenus int\u00e9gr\u00e9s (par exemple des vid\u00e9os, images, articles\u2026). Le contenu int\u00e9gr\u00e9 depuis d\u2019autres sites se comporte de la m\u00eame mani\u00e8re que si le visiteur se rendait sur cet autre site.<\/p>\n\n\n\n<p class=\"has-accent-color has-text-color\">Ces sites web pourraient collecter des donn\u00e9es sur vous, utiliser des cookies, embarquer des outils de suivis tiers, suivre vos interactions avec ces contenus embarqu\u00e9s si vous disposez d\u2019un compte connect\u00e9 sur leur site web.<\/p>\n\n\n\n<p><\/p>\n\n\n\n<h2 class=\"has-accent-color has-text-color wp-block-heading\">Les droits que vous avez sur vos donn\u00e9es<\/h2>\n\n\n\n<p class=\"has-accent-color has-text-color\">Ce site a pour seule vocation d&rsquo;informer les salari\u00e9s sur leurs droits et sur l&rsquo;actualit\u00e9 sociale. Il n&rsquo;a pas vocation \u00e0 collecter ni conserver les donn\u00e9es personnelles des utilisateurs. Les sondages sont anonymes. Ils n&rsquo;ont de valeur que par l&rsquo;opinion collective sur tel ou tel sujet. Cela ne prend pas en compte les donn\u00e9es stock\u00e9es \u00e0 des fins administratives, l\u00e9gales ou pour des raisons de s\u00e9curit\u00e9.<\/p>\n\n\n\n<p><\/p>\n","protected":false},"excerpt":{"rendered":"<p>Qui sommes-nous&nbsp;? Nous sommes les repr\u00e9sentants d\u00e9sign\u00e9s par la CFDT pour repr\u00e9senter l&rsquo;organisation syndicale dans le dialogue avec la direction de Rexel France. L\u2019adresse de notre site est&nbsp;: https:\/\/lexer-cfdt.com. Cookies Si vous vous rendez sur la page de connexion, un cookie temporaire sera cr\u00e9\u00e9 afin de d\u00e9terminer si votre navigateur accepte les cookies. Il ne [&hellip;]<\/p>\n","protected":false},"author":4,"featured_media":0,"parent":0,"menu_order":0,"comment_status":"closed","ping_status":"closed","template":"","meta":{"footnotes":""},"class_list":["post-3","page","type-page","status-publish","hentry"],"_links":{"self":[{"href":"https:\/\/lexer-cfdt.com\/index.php\/wp-json\/wp\/v2\/pages\/3","targetHints":{"allow":["GET"]}}],"collection":[{"href":"https:\/\/lexer-cfdt.com\/index.php\/wp-json\/wp\/v2\/pages"}],"about":[{"href":"https:\/\/lexer-cfdt.com\/index.php\/wp-json\/wp\/v2\/types\/page"}],"author":[{"embeddable":true,"href":"https:\/\/lexer-cfdt.com\/index.php\/wp-json\/wp\/v2\/users\/4"}],"replies":[{"embeddable":true,"href":"https:\/\/lexer-cfdt.com\/index.php\/wp-json\/wp\/v2\/comments?post=3"}],"version-history":[{"count":8,"href":"https:\/\/lexer-cfdt.com\/index.php\/wp-json\/wp\/v2\/pages\/3\/revisions"}],"predecessor-version":[{"id":275,"href":"https:\/\/lexer-cfdt.com\/index.php\/wp-json\/wp\/v2\/pages\/3\/revisions\/275"}],"wp:attachment":[{"href":"https:\/\/lexer-cfdt.com\/index.php\/wp-json\/wp\/v2\/media?parent=3"}],"curies":[{"name":"wp","href":"https:\/\/api.w.org\/{rel}","templated":true}]}}