{"id":291,"date":"2022-04-29T15:43:26","date_gmt":"2022-04-29T13:43:26","guid":{"rendered":"https:\/\/lexer-cfdt.com\/?page_id=291"},"modified":"2026-04-16T14:25:31","modified_gmt":"2026-04-16T12:25:31","slug":"accords-signes","status":"publish","type":"page","link":"https:\/\/lexer-cfdt.com\/index.php\/accords-signes\/","title":{"rendered":"Accords"},"content":{"rendered":"\n<div class=\"wp-block-media-text alignwide is-stacked-on-mobile is-vertically-aligned-top\" style=\"grid-template-columns:15% auto\"><figure class=\"wp-block-media-text__media\"><img loading=\"lazy\" decoding=\"async\" width=\"567\" height=\"922\" src=\"https:\/\/lexer-cfdt.com\/wp-content\/uploads\/2022\/07\/feu-orange.png\" alt=\"\" class=\"wp-image-563 size-full\" srcset=\"https:\/\/lexer-cfdt.com\/wp-content\/uploads\/2022\/07\/feu-orange.png 567w, https:\/\/lexer-cfdt.com\/wp-content\/uploads\/2022\/07\/feu-orange-184x300.png 184w\" sizes=\"auto, (max-width: 567px) 100vw, 567px\" \/><\/figure><div class=\"wp-block-media-text__content\">\n<p><strong>Les n\u00e9gociations du 1er semestre 2026 en cours et futures  :<\/strong><\/p>\n\n\n\n<ul class=\"wp-block-list\">\n<li><strong>N\u00e9gociations Annuelles Obligatoires :<\/strong>\n<ul class=\"wp-block-list\">\n<li><em><s>Mercredi 14 janvier 2026<\/s> (ouverture de la n\u00e9gociation)<\/em><\/li>\n\n\n\n<li><em><s>Mardi 27 janvier2026<\/s> (R\u00e9union 1)<\/em><\/li>\n\n\n\n<li><em><s>Mardi 10 f\u00e9vrier2026<\/s> (R\u00e9union 2)<\/em><\/li>\n<\/ul>\n<\/li>\n<\/ul>\n\n\n\n<ul class=\"wp-block-list\">\n<li><strong>N\u00e9gociation relative \u00e0 la GEPP <em>(Gestion des Emplois et des Parcours Professionnels)<\/em>&nbsp;:<\/strong>\n<ul class=\"wp-block-list\">\n<li><em>J<s>eudi 20 novembre 2025<\/s> (ouverture de la n\u00e9gociation)<\/em><\/li>\n\n\n\n<li><em><s>Mercredi 3 d\u00e9cembre 2025<\/s><\/em> <em>(date annul\u00e9)<\/em><\/li>\n\n\n\n<li><em><s>Mardi 16 d\u00e9cembre 2025<\/s><\/em> <em>(R\u00e9union 1)<\/em><\/li>\n\n\n\n<li><s><em>Mercredi 11 mars 2026<\/em><\/s><em> (R\u00e9union 2)<\/em><\/li>\n\n\n\n<li><em><s>Mercredi 1<sup>er<\/sup> avril 2026<\/s><\/em> <em>(<em>R\u00e9union 3<\/em>)<\/em><\/li>\n\n\n\n<li><em><s>Mercredi 15 avril 2026<\/s><\/em> <em>(<em><em>R\u00e9union 4<\/em><\/em>)\u00a0<\/em><\/li>\n<\/ul>\n<\/li>\n\n\n\n<li><strong>Accord relatif au travail de nuit &#8211; Commission de suivi<\/strong>\n<ul class=\"wp-block-list\">\n<li><em><s>Mardi 7 avril 2026 <\/s>(R\u00e9u<em>nion<\/em>)<\/em><\/li>\n<\/ul>\n<\/li>\n\n\n\n<li><strong>N\u00e9gociation relative \u00e0 l\u2019int\u00e9ressement et au partage de la valeur en cas d\u2019augmentation exceptionnelle du b\u00e9n\u00e9fice net fiscal (avenants annuels)&nbsp;:<\/strong>\n<ul class=\"wp-block-list\">\n<li>Mardi 5 mai <em><em>(R\u00e9union<\/em>)<\/em><\/li>\n<\/ul>\n<\/li>\n<\/ul>\n\n\n\n<ul class=\"wp-block-list\">\n<li><strong>N\u00e9gociation relative \u00e0 la promotion de la mixit\u00e9 et de l\u2019\u00e9galit\u00e9 professionnelle entre les femmes et les hommes&nbsp;:<\/strong>\n<ul class=\"wp-block-list\">\n<li>Jeudi 21 mai 2026 <em><em>(ouverture de la n\u00e9gociation)<\/em><\/em><\/li>\n\n\n\n<li>Jeudi 4 juin 2026 <em>(<em>R\u00e9union 1)<\/em><\/em><\/li>\n\n\n\n<li>Mardi 16 juin 2026 <em><em>(<em>R\u00e9union 2)<\/em><\/em><\/em><\/li>\n\n\n\n<li>Mercredi 24 juin 2026 <em>(option pour r\u00e9union suppl\u00e9mentaire)&nbsp;<\/em><\/li>\n<\/ul>\n<\/li>\n<\/ul>\n<\/div><\/div>\n\n\n\n<div class=\"wp-block-media-text alignwide is-stacked-on-mobile is-vertically-aligned-top\" style=\"grid-template-columns:15% auto\"><figure class=\"wp-block-media-text__media\"><img loading=\"lazy\" decoding=\"async\" width=\"568\" height=\"922\" src=\"https:\/\/lexer-cfdt.com\/wp-content\/uploads\/2022\/07\/feu-vert.png\" alt=\"\" class=\"wp-image-562 size-full\" srcset=\"https:\/\/lexer-cfdt.com\/wp-content\/uploads\/2022\/07\/feu-vert.png 568w, https:\/\/lexer-cfdt.com\/wp-content\/uploads\/2022\/07\/feu-vert-185x300.png 185w\" sizes=\"auto, (max-width: 568px) 100vw, 568px\" \/><\/figure><div class=\"wp-block-media-text__content\">\n<p><strong>Les principaux accords sign\u00e9s r\u00e9cemment par la CFDT Rexel France :<\/strong><\/p>\n\n\n\n<ul class=\"wp-block-list\">\n<li>\u00a0\u00bb <strong>Prorogation de l\u2019accord relatif \u00e0 la promotion de la mixit\u00e9 et de l\u2019\u00e9galit\u00e9 professionnelle&nbsp;entre les femmes et les hommes <\/strong>\u00a0\u00bb        jusqu&rsquo;au 30 juin 2026<\/li>\n\n\n\n<li>\u00a0\u00bb <strong>A<strong>ccord relatif au partage de la valeur en cas d\u2019augmentation exceptionnelle du b\u00e9n\u00e9fice net fiscal pour la p\u00e9riode 2025-2027<\/strong><\/strong> \u00a0\u00bb <em>Principal avantage : <\/em>verser aux collaborateurs un suppl\u00e9ment de participation, dans la situation o\u00f9 son b\u00e9n\u00e9fice net fiscal aurait atteint un niveau t\u00e9moignant d\u2019une performance exceptionnelle<\/li>\n\n\n\n<li>\u00a0\u00bb <strong>A<strong>ccord relatif au partage de la valeur en cas d\u2019augmentation exceptionnelle du b\u00e9n\u00e9fice net fiscal pour la p\u00e9riode 2025-2027<\/strong><\/strong> \u00a0\u00bb <em>Principal avantage : <\/em>verser aux collaborateurs un suppl\u00e9ment de participation, dans la situation o\u00f9 son b\u00e9n\u00e9fice net fiscal aurait atteint un niveau t\u00e9moignant d\u2019une performance exceptionnelle<\/li>\n\n\n\n<li>\u00a0\u00bb <strong>Un accord d\u2019int\u00e9ressement pour la p\u00e9riode 2025-2027<\/strong> \u00a0\u00bb             <em>Principal avantage : <\/em>dispositif repose sur un unique crit\u00e8re : l\u2019EBITA, auquel s\u2019ajoutent deux crit\u00e8res bonus : le nombre de clients actifs et le taux de r\u00e9duction des \u00e9missions de CO2 sur les op\u00e9rations de Rexel France  (concerne la ma\u00eetrise de la consommation \u00e9nerg\u00e9tique de des b\u00e2timents et l\u2019\u00e9lectrification de la flotte automobile).<\/li>\n\n\n\n<li>\u00a0\u00bb <strong>Accord NAO \u00a0\u00bb (N\u00e9gociation Annuel Obligatoire) <\/strong>: <em>La CFDT Rexel France \u00e9tait signataire de l&rsquo;accord<\/em> NAO 2025<\/li>\n\n\n\n<li><strong>\u00a0\u00bb Accord S\u00e9nior \u00a0\u00bb <\/strong>&#8211; janvier 2025                                                             <em>Principal avantage : le mantien dans l&#8217;emploi, dispositif : retraite progressive et temps partiel, t\u00e9l\u00e9travail s\u00e9nior et dispense partielle d&rsquo;activit\u00e9&#8230;<\/em><\/li>\n\n\n\n<li>\u00a0\u00bb <strong>Accord d&rsquo;entreprise en faveur de l&rsquo;insertion professionnelle et le maintien dans l&#8217;emploi de personnes en situation de handicap 2024-2027<\/strong> \u00a0\u00bb &#8211; juillet 2024                                                                             <em>Principal avantage : aide pour la montage du dossier RQTH, maintien dans l&#8217;emploi, aide financi\u00e8re<\/em> <em>pour la mutuelle et appareils auditifs&#8230;<\/em><\/li>\n\n\n\n<li>\u00a0\u00bb <strong>Accord relatif au partage de la valeur 2024<\/strong> \u00a0\u00bb &#8211; juin 2024<\/li>\n\n\n\n<li>\u00a0\u00bb <strong>Avenant annuel 2024 \u00e0 l&rsquo;accord d&rsquo;interessement 2022-2024<\/strong> \u00a0\u00bb &#8211; juin 2024<\/li>\n\n\n\n<li>\u00a0\u00bb <strong>Accord relatif au travail de nuit<\/strong> \u00a0\u00bb &#8211; juin 2024<\/li>\n\n\n\n<li>Signature PSE fermeture du centre logistique r\u00e9gional Tournefeuille le 14 d\u00e9cembre 2023<\/li>\n\n\n\n<li>\u00ab\u00a0Protocole d&rsquo;accord pr\u00e9-\u00e9lectoral\u00a0\u00bb et \u00ab\u00a0Vote \u00e9lectronique\u00a0\u00bb en mars 2023\n<ul class=\"wp-block-list\">\n<li><em>Principal avantage : les conditions sont r\u00e9unies pour que les \u00e9lections se passent bien.<\/em><\/li>\n<\/ul>\n<\/li>\n\n\n\n<li>\u00a0\u00bb <strong>Accord relatif au T\u00e9l\u00e9travail 2022 &#8211; 2025<\/strong> \u00a0\u00bb en novembre 2022\n<ul class=\"wp-block-list\">\n<li><em>Principal avantage : 1 jour de plus par rapport \u00e0 la charte.<\/em><\/li>\n<\/ul>\n<\/li>\n\n\n\n<li><strong>\u00ab\u00a0Accord relatif \u00e0 la promotion de la mixit\u00e9 et de l&rsquo;\u00c9galit\u00e9 professionnelle entre les Femmes et les Hommes \u00ab\u00a0<\/strong> &#8211; octobre 2022<\/li>\n\n\n\n<li><ul><li><em>Principal avantage : du fait de l&rsquo;\u00e9volution de la soci\u00e9t\u00e9 fran\u00e7aise, ce type d&rsquo;accord est consensuel; \u00e0 noter le renforcement du r\u00f4le du r\u00e9f\u00e9rent \u00e0 la lutte contre le harc\u00e8lement sexuel et les agissements sexist<\/em>es. <\/li><\/ul><\/li>\n\n\n\n<li><strong>\u00ab\u00a0Accord d&rsquo;int\u00e9ressement 2022-2024 \u00ab\u00a0<\/strong> &#8211; juin 2022\n<ul class=\"wp-block-list\">\n<li><em>Principal avantage : dans un contexte de n\u00e9gociation \u00e0 sens unique, donner n\u00e9anmoins la possibilit\u00e9 aux salari\u00e9s de b\u00e9n\u00e9ficier d&rsquo;une prime si les crit\u00e8res sont atteints.<\/em><\/li>\n<\/ul>\n<\/li>\n\n\n\n<li><strong>\u00a0\u00bb Accord NAO2022 \u00ab\u00a0<\/strong> &#8211; mars 2022\n<ul class=\"wp-block-list\">\n<li><em>Principal avantage : compte-tenu des r\u00e9sultats exceptionnels, nous avons obtenu que l\u2019augmentation g\u00e9n\u00e9rale soit sup\u00e9rieure \u00e0 l\u2019augmentation individuelle. Cet accord couvre en partie l&rsquo;augmentation des prix en 2021.<\/em><\/li>\n<\/ul>\n<\/li>\n\n\n\n<li><strong>\u00a0\u00bb Accord Seniors \u00ab\u00a0<\/strong>&nbsp;&#8211; f\u00e9vrier 2022\n<ul class=\"wp-block-list\">\n<li><em>Principal avantage : une boite \u00e0 outils pour les plus de 55 ans pour am\u00e9liorer la qualit\u00e9 de vie au travail et pour partir dans de bonnes conditions.<\/em><\/li>\n<\/ul>\n<\/li>\n<\/ul>\n<\/div><\/div>\n\n\n\n<div class=\"wp-block-media-text alignwide is-stacked-on-mobile is-vertically-aligned-top\" style=\"grid-template-columns:15% auto\"><figure class=\"wp-block-media-text__media\"><img loading=\"lazy\" decoding=\"async\" width=\"568\" height=\"922\" src=\"https:\/\/lexer-cfdt.com\/wp-content\/uploads\/2022\/07\/feu-rouge.png\" alt=\"\" class=\"wp-image-561 size-full\" srcset=\"https:\/\/lexer-cfdt.com\/wp-content\/uploads\/2022\/07\/feu-rouge.png 568w, https:\/\/lexer-cfdt.com\/wp-content\/uploads\/2022\/07\/feu-rouge-185x300.png 185w\" sizes=\"auto, (max-width: 568px) 100vw, 568px\" \/><\/figure><div class=\"wp-block-media-text__content\">\n<p><strong>Les accords n\u00e9goci\u00e9s <strong>r\u00e9cemment <\/strong><\/strong> et <strong>non sign\u00e9s par la CFDT Rexel France <\/strong><\/p>\n\n\n\n<ul class=\"wp-block-list\">\n<li>\u00ab\u00a0<strong>Accord  relative au t\u00e9l\u00e9travail&nbsp;<\/strong> \u00a0\u00bb &#8211; novembre 2025<\/li>\n\n\n\n<li><strong>\u00a0\u00bb Accord Qualit\u00e9 de Vie et Condtions de Travail (QVCT) \u00ab\u00a0<\/strong> &#8211; octobre 2024<\/li>\n\n\n\n<li>\u00a0\u00bb <strong>Accord astreinte<\/strong> \u00a0\u00bb &#8211; juin 2024<\/li>\n\n\n\n<li>\u00a0\u00bb <strong>Accord VHS<\/strong> (Volontariat pr\u00e9-d\u00e9clar\u00e9 aux Heures Suppl\u00e9mentaires) \u00a0\u00bb &#8211; juin 2024<\/li>\n\n\n\n<li>\u00a0\u00bb <strong>Accord NAO<\/strong> \u00a0\u00bb &#8211; f\u00e9vrier 2024 <ul><li><em>Principe : ensemble de mesures permettant d\u2019am\u00e9liorer les r\u00e9mun\u00e9rations et conditions de travail<\/em><\/li><\/ul><\/li>\n\n\n\n<li><ul><li><em>Le motif : l&rsquo;enveloppe salariale insuffisante et m\u00e9canisme de r\u00e9partition inadapt\u00e9 au regard du contexte inflationniste et des r\u00e9sultats 2023 exceptionnels de Rexel <\/em><\/li><\/ul><\/li>\n\n\n\n<li><strong>\u00ab\u00a0Accord CSE\u00a0\u00bb<\/strong> &#8211; f\u00e9vrier 2023\n<ul class=\"wp-block-list\">\n<li><em>Principe : les moyens du nouveau CSE pour les ann\u00e9es 2023-2027<\/em><\/li>\n\n\n\n<li><em>Le motif : refus de mettre en place des repr\u00e9sentants de proximit\u00e9 pour am\u00e9liorer le soutien du CSE au plus pr\u00e8s du terrain<\/em><\/li>\n<\/ul>\n<\/li>\n\n\n\n<li><strong>\u00a0\u00bb Accord NAO \u00ab\u00a0<\/strong> &#8211; janvier 2023\n<ul class=\"wp-block-list\">\n<li><em>Principe : ensemble de mesures permettant d\u2019am\u00e9liorer les r\u00e9mun\u00e9rations et conditions de travail<\/em><\/li>\n\n\n\n<li><em>le motif : l&rsquo;enveloppe salariale insuffisante et m\u00e9canisme de r\u00e9partition inadapt\u00e9 au regard du contexte inflationniste et des r\u00e9sultats 2022 exceptionnels de Rexel<\/em><\/li>\n<\/ul>\n<\/li>\n\n\n\n<li><strong>\u00ab\u00a0Accord Qualit\u00e9 de Vie au Travail (QVT) \u00ab\u00a0<\/strong> &#8211; ao\u00fbt 2021\n<ul class=\"wp-block-list\">\n<li><em>Principe : une boite \u00e0 outils autour de la qualit\u00e9 de vie, la s\u00e9curit\u00e9 et la sant\u00e9 au travail.<\/em><\/li>\n\n\n\n<li><em>Le motif : le volet t\u00e9l\u00e9travail \u00e9tait en dessous des attentes en termes de moyens et de champs d&rsquo;application.<\/em><\/li>\n<\/ul>\n<\/li>\n\n\n\n<li><strong>\u00a0\u00bb Accord Dialogue Social \u00ab\u00a0<\/strong> &#8211; janvier 2021\n<ul class=\"wp-block-list\">\n<li><em>Principe : le cadre et les moyens de l&rsquo;action syndicale<\/em><\/li>\n\n\n\n<li><em>Le motif : accord \u00e0 minima avec peu de moyens.<\/em><\/li>\n<\/ul>\n<\/li>\n\n\n\n<li><strong>\u00ab\u00a0Accord Gestion Pr\u00e9visionnelle des Emplois et des Carri\u00e8res (GPEC) \u00ab\u00a0<\/strong> &#8211; d\u00e9cembre 2020\n<ul class=\"wp-block-list\">\n<li><em>Principe : le cadre et les moyens de l&rsquo;accompagnement des salari\u00e9s face \u00e0 la transformation de l&rsquo;entreprise<\/em><\/li>\n\n\n\n<li><em>Le motif : le texte int\u00e9grait un \u00ab\u00a0Accord de Performance Collective (APC)\u00a0\u00bb.<\/em><\/li>\n<\/ul>\n<\/li>\n<\/ul>\n<\/div><\/div>\n\n\n\n<div style=\"height:35px\" aria-hidden=\"true\" class=\"wp-block-spacer\"><\/div>\n\n\n\n<div style=\"height:34px\" aria-hidden=\"true\" class=\"wp-block-spacer\"><\/div>\n\n\n\n\n\n<figure class=\"wp-block-image alignwide size-large\"><img loading=\"lazy\" decoding=\"async\" width=\"1024\" height=\"683\" src=\"https:\/\/lexer-cfdt.com\/wp-content\/uploads\/2022\/12\/pexels-ron-lach-8086357-1024x683.jpg\" alt=\"\" class=\"wp-image-1074\" srcset=\"https:\/\/lexer-cfdt.com\/wp-content\/uploads\/2022\/12\/pexels-ron-lach-8086357-1024x683.jpg 1024w, https:\/\/lexer-cfdt.com\/wp-content\/uploads\/2022\/12\/pexels-ron-lach-8086357-300x200.jpg 300w, https:\/\/lexer-cfdt.com\/wp-content\/uploads\/2022\/12\/pexels-ron-lach-8086357-768x512.jpg 768w, https:\/\/lexer-cfdt.com\/wp-content\/uploads\/2022\/12\/pexels-ron-lach-8086357-1536x1024.jpg 1536w, https:\/\/lexer-cfdt.com\/wp-content\/uploads\/2022\/12\/pexels-ron-lach-8086357-2048x1365.jpg 2048w, https:\/\/lexer-cfdt.com\/wp-content\/uploads\/2022\/12\/pexels-ron-lach-8086357-1200x800.jpg 1200w, https:\/\/lexer-cfdt.com\/wp-content\/uploads\/2022\/12\/pexels-ron-lach-8086357-1980x1320.jpg 1980w\" sizes=\"auto, (max-width: 1024px) 100vw, 1024px\" \/><\/figure>\n","protected":false},"excerpt":{"rendered":"","protected":false},"author":4,"featured_media":2317,"parent":0,"menu_order":0,"comment_status":"closed","ping_status":"closed","template":"","meta":{"footnotes":"[]"},"class_list":["post-291","page","type-page","status-publish","has-post-thumbnail","hentry"],"_links":{"self":[{"href":"https:\/\/lexer-cfdt.com\/index.php\/wp-json\/wp\/v2\/pages\/291","targetHints":{"allow":["GET"]}}],"collection":[{"href":"https:\/\/lexer-cfdt.com\/index.php\/wp-json\/wp\/v2\/pages"}],"about":[{"href":"https:\/\/lexer-cfdt.com\/index.php\/wp-json\/wp\/v2\/types\/page"}],"author":[{"embeddable":true,"href":"https:\/\/lexer-cfdt.com\/index.php\/wp-json\/wp\/v2\/users\/4"}],"replies":[{"embeddable":true,"href":"https:\/\/lexer-cfdt.com\/index.php\/wp-json\/wp\/v2\/comments?post=291"}],"version-history":[{"count":130,"href":"https:\/\/lexer-cfdt.com\/index.php\/wp-json\/wp\/v2\/pages\/291\/revisions"}],"predecessor-version":[{"id":2357,"href":"https:\/\/lexer-cfdt.com\/index.php\/wp-json\/wp\/v2\/pages\/291\/revisions\/2357"}],"wp:featuredmedia":[{"embeddable":true,"href":"https:\/\/lexer-cfdt.com\/index.php\/wp-json\/wp\/v2\/media\/2317"}],"wp:attachment":[{"href":"https:\/\/lexer-cfdt.com\/index.php\/wp-json\/wp\/v2\/media?parent=291"}],"curies":[{"name":"wp","href":"https:\/\/api.w.org\/{rel}","templated":true}]}}