{"id":28,"date":"2022-03-25T15:19:51","date_gmt":"2022-03-25T14:19:51","guid":{"rendered":"https:\/\/lexer-cfdt.com\/?page_id=28"},"modified":"2026-03-11T11:00:55","modified_gmt":"2026-03-11T10:00:55","slug":"le-syndicat-cfdt","status":"publish","type":"page","link":"https:\/\/lexer-cfdt.com\/index.php\/le-syndicat-cfdt\/","title":{"rendered":"Le syndicat CFDT"},"content":{"rendered":"\n<figure class=\"wp-block-gallery has-nested-images columns-default is-cropped wp-block-gallery-1 is-layout-flex wp-block-gallery-is-layout-flex\"><\/figure>\n\n\n\n<h3 class=\"wp-block-heading has-secondary-color has-text-color has-larger-font-size\"><strong>Conf\u00e9d\u00e9ration Fran\u00e7aise des Travailleurs <\/strong><\/h3>\n\n\n\n<figure class=\"wp-block-image size-large\"><a href=\"https:\/\/www.cfdt.fr\/portail\/adhesion\/adherez-en-ligne-jca_221287\" target=\"_blank\" rel=\"noopener\"><img loading=\"lazy\" decoding=\"async\" width=\"1024\" height=\"538\" src=\"https:\/\/lexer-cfdt.com\/wp-content\/uploads\/2022\/04\/facebookPost_0000_A-la-hauteur-1024x538.jpg\" alt=\"\" class=\"wp-image-173\" srcset=\"https:\/\/lexer-cfdt.com\/wp-content\/uploads\/2022\/04\/facebookPost_0000_A-la-hauteur-1024x538.jpg 1024w, https:\/\/lexer-cfdt.com\/wp-content\/uploads\/2022\/04\/facebookPost_0000_A-la-hauteur-300x158.jpg 300w, https:\/\/lexer-cfdt.com\/wp-content\/uploads\/2022\/04\/facebookPost_0000_A-la-hauteur-768x403.jpg 768w, https:\/\/lexer-cfdt.com\/wp-content\/uploads\/2022\/04\/facebookPost_0000_A-la-hauteur.jpg 1200w\" sizes=\"auto, (max-width: 1024px) 100vw, 1024px\" \/><\/a><\/figure>\n\n\n\n<h2 class=\"wp-block-heading has-larger-font-size\"><strong><em>Pourquoi adh\u00e9rer \u00e0 la CFDT ?<\/em><\/strong><\/h2>\n\n\n\n<ul class=\"wp-block-list\">\n<li><strong>C&rsquo;est avant tout faire partie d&rsquo;un collectif de femmes et d&rsquo;hommes dont les valeurs reposent sur un socle commun d&rsquo;humanisme et de partage.<\/strong><\/li>\n\n\n\n<li><strong>c\u2019est b\u00e9n\u00e9ficier d\u2019un accueil et d\u2019une \u00e9coute active <\/strong>sur mon lieu de travail. Avec la CFDT, je ne suis plus seul.<\/li>\n\n\n\n<li><strong>c\u2019est b\u00e9n\u00e9ficier de tout le r\u00e9seau et de l\u2019expertise<\/strong> des d\u00e9l\u00e9gu\u00e9s syndicaux et des \u00e9lus CFDT pour me conseiller et m\u2019accompagner dans mon quotidien professionnel (qualit\u00e9 de vie au travail, formation, r\u00e9mun\u00e9ration, conflit, etc.).<\/li>\n\n\n\n<li><strong>c\u2019est pouvoir \u00eatre acteur ou actrice <\/strong>si je le souhaite au sein d\u2019un collectif, en participant ou en me pr\u00e9sentant aux \u00e9lections professionnelles.<\/li>\n<\/ul>\n\n\n\n<p><strong>En rejoignant la CFDT je contribue \u00e0 la renforcer ! <\/strong>Gr\u00e2ce au nombre de ses adh\u00e9rents, la CFDT p\u00e8se par sa repr\u00e9sentativit\u00e9.<\/p>\n\n\n\n<h2 class=\"wp-block-heading has-larger-font-size\">BULLETIN D\u2019ADH\u00c9SION A IMPRIMER<\/h2>\n\n\n<div class=\"wp-block-image\">\n<figure class=\"aligncenter size-large\"><img loading=\"lazy\" decoding=\"async\" width=\"1024\" height=\"726\" src=\"https:\/\/lexer-cfdt.com\/wp-content\/uploads\/2025\/04\/bulletin_dadhesion_-_pour_imprimante-2022-1-pdf-1024x726.jpg\" alt=\"\" class=\"wp-image-2087\"\/><figcaption class=\"wp-element-caption\">Cliquer sur l&rsquo;image pour t\u00e9l\u00e9charger le document.<\/figcaption><\/figure>\n<\/div>\n\n\n<figure class=\"wp-block-image size-full\"><img loading=\"lazy\" decoding=\"async\" width=\"581\" height=\"147\" src=\"https:\/\/lexer-cfdt.com\/wp-content\/uploads\/2022\/04\/cfdt-valeurs.jpg\" alt=\"\" class=\"wp-image-105\" srcset=\"https:\/\/lexer-cfdt.com\/wp-content\/uploads\/2022\/04\/cfdt-valeurs.jpg 581w, https:\/\/lexer-cfdt.com\/wp-content\/uploads\/2022\/04\/cfdt-valeurs-300x76.jpg 300w\" sizes=\"auto, (max-width: 581px) 100vw, 581px\" \/><\/figure>\n\n\n\n<h2 class=\"wp-block-heading has-larger-font-size\"><strong><em>Quelles sont les cinq valeurs de la CFDT?<\/em><\/strong><\/h2>\n\n\n\n<p><strong>Cinq valeurs qui font des femmes et des hommes les v\u00e9ritables actrices et acteurs de leurs choix de vie.<\/strong><\/p>\n\n\n\n<p><strong>\u00c9mancipation<br><\/strong>Inscrite dans nos statuts, l\u2019\u00e9mancipation, tant individuelle que collective, est pour nous un droit inali\u00e9nable.<\/p>\n\n\n\n<p><strong>D\u00e9mocratie<br><\/strong>Une valeur qui est l\u2019identit\u00e9 m\u00eame de la CFDT, elle se trouve d\u2019ailleurs au c\u0153ur de notre sigle.<\/p>\n\n\n\n<p><strong>Ind\u00e9pendance<br><\/strong>La CFDT estime indispensable de distinguer ses responsabilit\u00e9s de celles de l\u2019\u00c9tat, des partis politiques et des confessions religieuses.<\/p>\n\n\n\n<p><strong>Autonomie<br><\/strong>L\u2019ind\u00e9pendance de pens\u00e9e et d\u2019action ne peut se concevoir si la CFDT est tributaire de ressources externes.<\/p>\n\n\n\n<p><strong>Solidarit\u00e9<br><\/strong>\u00catre solidaire, c\u2019est faire le choix de l\u2019entraide pour d\u00e9fendre les droits de tous.<\/p>\n\n\n\n<h2 class=\"wp-block-heading has-larger-font-size\"><strong><em>Quelles sont les services propos\u00e9s aux adh\u00e9rents ?<\/em><\/strong><\/h2>\n\n\n<div class=\"wp-block-image\">\n<figure class=\"aligncenter size-full\"><a href=\"https:\/\/lexer-cfdt.com\/wp-content\/uploads\/2023\/01\/services-2212-docinfos-a4-interactif_1-1.pdf\"><img loading=\"lazy\" decoding=\"async\" width=\"619\" height=\"837\" src=\"https:\/\/lexer-cfdt.com\/wp-content\/uploads\/2022\/12\/Capture-decran-du-2022-12-29-08-27-17.png\" alt=\"\" class=\"wp-image-1116\" srcset=\"https:\/\/lexer-cfdt.com\/wp-content\/uploads\/2022\/12\/Capture-decran-du-2022-12-29-08-27-17.png 619w, https:\/\/lexer-cfdt.com\/wp-content\/uploads\/2022\/12\/Capture-decran-du-2022-12-29-08-27-17-222x300.png 222w\" sizes=\"auto, (max-width: 619px) 100vw, 619px\" \/><\/a><figcaption class=\"wp-element-caption\">Cliquez sur l&rsquo;image pour t\u00e9l\u00e9charger le document.<\/figcaption><\/figure>\n<\/div>\n\n\n<ul class=\"wp-block-list\">\n<li><\/li>\n<\/ul>\n\n\n\n\n\n<figure class=\"wp-block-image size-large\"><a href=\"https:\/\/www.cfdt.fr\/portail\/confederation-j_4\" target=\"_blank\" rel=\"noopener\"><img loading=\"lazy\" decoding=\"async\" width=\"1024\" height=\"446\" src=\"https:\/\/lexer-cfdt.com\/wp-content\/uploads\/2022\/04\/Cfdt_O_S_H_RVB_2018-1024x446.jpg\" alt=\"\" class=\"wp-image-107\" srcset=\"https:\/\/lexer-cfdt.com\/wp-content\/uploads\/2022\/04\/Cfdt_O_S_H_RVB_2018-1024x446.jpg 1024w, https:\/\/lexer-cfdt.com\/wp-content\/uploads\/2022\/04\/Cfdt_O_S_H_RVB_2018-300x131.jpg 300w, https:\/\/lexer-cfdt.com\/wp-content\/uploads\/2022\/04\/Cfdt_O_S_H_RVB_2018-768x335.jpg 768w, https:\/\/lexer-cfdt.com\/wp-content\/uploads\/2022\/04\/Cfdt_O_S_H_RVB_2018-1200x523.jpg 1200w, https:\/\/lexer-cfdt.com\/wp-content\/uploads\/2022\/04\/Cfdt_O_S_H_RVB_2018.jpg 1438w\" sizes=\"auto, (max-width: 1024px) 100vw, 1024px\" \/><\/a><\/figure>\n\n\n\n<h2 class=\"wp-block-heading has-background-color has-background-background-color has-text-color has-background\">Lexer Rexel<\/h2>\n","protected":false},"excerpt":{"rendered":"<p>Conf\u00e9d\u00e9ration Fran\u00e7aise des Travailleurs Pourquoi adh\u00e9rer \u00e0 la CFDT ? En rejoignant la CFDT je contribue \u00e0 la renforcer ! Gr\u00e2ce au nombre de ses adh\u00e9rents, la CFDT p\u00e8se par sa repr\u00e9sentativit\u00e9. BULLETIN D\u2019ADH\u00c9SION A IMPRIMER Quelles sont les cinq valeurs de la CFDT? Cinq valeurs qui font des femmes et des hommes les v\u00e9ritables [&hellip;]<\/p>\n","protected":false},"author":4,"featured_media":2329,"parent":0,"menu_order":0,"comment_status":"closed","ping_status":"closed","template":"","meta":{"footnotes":""},"class_list":["post-28","page","type-page","status-publish","has-post-thumbnail","hentry"],"_links":{"self":[{"href":"https:\/\/lexer-cfdt.com\/index.php\/wp-json\/wp\/v2\/pages\/28","targetHints":{"allow":["GET"]}}],"collection":[{"href":"https:\/\/lexer-cfdt.com\/index.php\/wp-json\/wp\/v2\/pages"}],"about":[{"href":"https:\/\/lexer-cfdt.com\/index.php\/wp-json\/wp\/v2\/types\/page"}],"author":[{"embeddable":true,"href":"https:\/\/lexer-cfdt.com\/index.php\/wp-json\/wp\/v2\/users\/4"}],"replies":[{"embeddable":true,"href":"https:\/\/lexer-cfdt.com\/index.php\/wp-json\/wp\/v2\/comments?post=28"}],"version-history":[{"count":47,"href":"https:\/\/lexer-cfdt.com\/index.php\/wp-json\/wp\/v2\/pages\/28\/revisions"}],"predecessor-version":[{"id":2088,"href":"https:\/\/lexer-cfdt.com\/index.php\/wp-json\/wp\/v2\/pages\/28\/revisions\/2088"}],"wp:featuredmedia":[{"embeddable":true,"href":"https:\/\/lexer-cfdt.com\/index.php\/wp-json\/wp\/v2\/media\/2329"}],"wp:attachment":[{"href":"https:\/\/lexer-cfdt.com\/index.php\/wp-json\/wp\/v2\/media?parent=28"}],"curies":[{"name":"wp","href":"https:\/\/api.w.org\/{rel}","templated":true}]}}