{"id":132,"date":"2022-04-12T11:35:41","date_gmt":"2022-04-12T09:35:41","guid":{"rendered":"http:\/\/lexer-cfdt.com\/?page_id=132"},"modified":"2026-03-05T23:32:33","modified_gmt":"2026-03-05T22:32:33","slug":"information","status":"publish","type":"page","link":"https:\/\/lexer-cfdt.com\/index.php\/information\/","title":{"rendered":"Informations"},"content":{"rendered":"\n<h1 class=\"wp-block-heading has-text-align-center has-large-font-size\">FONCTIONNEMENT DU DIALOGUE SOCIAL DANS L&rsquo;ENTREPRISE :<strong> L&rsquo;IMPORTANCE DE VOTER MASSIVEMENT<\/strong><\/h1>\n\n\n\n<figure class=\"wp-block-image alignwide size-large\"><img loading=\"lazy\" decoding=\"async\" width=\"1024\" height=\"709\" src=\"https:\/\/lexer-cfdt.com\/wp-content\/uploads\/2022\/12\/dialogue-social-1024x709.png\" alt=\"\" class=\"wp-image-963\" srcset=\"https:\/\/lexer-cfdt.com\/wp-content\/uploads\/2022\/12\/dialogue-social-1024x709.png 1024w, https:\/\/lexer-cfdt.com\/wp-content\/uploads\/2022\/12\/dialogue-social-300x208.png 300w, https:\/\/lexer-cfdt.com\/wp-content\/uploads\/2022\/12\/dialogue-social-768x531.png 768w, https:\/\/lexer-cfdt.com\/wp-content\/uploads\/2022\/12\/dialogue-social-1200x830.png 1200w, https:\/\/lexer-cfdt.com\/wp-content\/uploads\/2022\/12\/dialogue-social.png 1500w\" sizes=\"auto, (max-width: 1024px) 100vw, 1024px\" \/><\/figure>\n\n\n\n<h1 class=\"wp-block-heading has-text-align-center has-large-font-size\">D\u00c9L\u00c9GU\u00c9S SYNDICAUX vs MEMBRES DU CSE<\/h1>\n\n\n\n<ul class=\"wp-block-list\">\n<li><em>Quelle est la diff\u00e9rence entre les membres du CSE et les d\u00e9l\u00e9gu\u00e9s syndicaux ?<\/em><ul><li>les membres du CSE sont \u00e9lus par les salari\u00e9s et sont consult\u00e9s par l\u2019employeur pour rendre un avis sur les orientations strat\u00e9giques, la gestion financi\u00e8re, l\u2019organisation g\u00e9n\u00e9rale de l\u2019entreprise, etc.<\/li><\/ul>\n<ul class=\"wp-block-list\">\n<li>les d\u00e9l\u00e9gu\u00e9s syndicaux sont d\u00e9sign\u00e9s par l&rsquo;organisation syndicale pour la repr\u00e9senter face \u00e0 la direction dans les n\u00e9gociations collectives, pour formuler des propositions, des revendications ou des r\u00e9clamations.<\/li>\n<\/ul>\n<\/li>\n<\/ul>\n\n\n\n<h1 class=\"wp-block-heading has-text-align-center has-large-font-size\">D\u00c9FENSEURS SYNDICAUX<\/h1>\n\n\n\n<ul class=\"wp-block-list\">\n<li>Les d\u00e9fenseurs syndicaux interviennent au nom d&rsquo;une organisation syndicale pour assister ou repr\u00e9senter les salari\u00e9s devant les conseils de prud&rsquo;hommes ou les cours d&rsquo;appel en mati\u00e8re prud\u2019homale. Ils sont tenu au secret professionnel et \u00e0 l&rsquo;obligation de discr\u00e9tion.<\/li>\n\n\n\n<li>La liste des d\u00e9fenseurs syndicaux est arr\u00eat\u00e9e par le pr\u00e9fet de r\u00e9gion et est r\u00e9vis\u00e9e tous les 4 ans. Ils sont d\u00e9sign\u00e9s en fonction de leur exp\u00e9rience des relations professionnelles et de leurs connaissances du droit social.&nbsp;<\/li>\n\n\n\n<li>Les d\u00e9fenseurs syndicaux exercent leurs fonctions \u00e0 titre gratuit dans la r\u00e9gion de leur domicile ou du lieu d&rsquo;exercice de leur activit\u00e9 professionnelle.<\/li>\n<\/ul>\n\n\n\n<figure class=\"wp-block-image size-large\"><img loading=\"lazy\" decoding=\"async\" width=\"1024\" height=\"814\" src=\"https:\/\/lexer-cfdt.com\/wp-content\/uploads\/2022\/05\/6487-y4b32cd7n5-whr-1024x814.jpg\" alt=\"\" class=\"wp-image-380\" srcset=\"https:\/\/lexer-cfdt.com\/wp-content\/uploads\/2022\/05\/6487-y4b32cd7n5-whr-1024x814.jpg 1024w, https:\/\/lexer-cfdt.com\/wp-content\/uploads\/2022\/05\/6487-y4b32cd7n5-whr-300x239.jpg 300w, https:\/\/lexer-cfdt.com\/wp-content\/uploads\/2022\/05\/6487-y4b32cd7n5-whr-768x611.jpg 768w, https:\/\/lexer-cfdt.com\/wp-content\/uploads\/2022\/05\/6487-y4b32cd7n5-whr.jpg 1200w\" sizes=\"auto, (max-width: 1024px) 100vw, 1024px\" \/><\/figure>\n\n\n\n<h1 class=\"wp-block-heading has-text-align-center has-large-font-size\">SYNDICALISATION<\/h1>\n\n\n\n<ul class=\"wp-block-list has-primary-color has-text-color\">\n<li><em>Pourquoi le taux de syndicalisation des salari\u00e9s est le plus \u00e9lev\u00e9 dans les pays du nord de l&rsquo;Europe ?<\/em>\n<ul class=\"wp-block-list\">\n<li>Dans les pays d&rsquo;Europe du nord, les avanc\u00e9es sociales n\u00e9goci\u00e9es par les syndicats ne sont r\u00e9serv\u00e9es qu&rsquo;aux salari\u00e9s syndiqu\u00e9s. Les syndicats ont un r\u00f4le de porte-parole des adh\u00e9rents face \u00e0 la direction de l&rsquo;entreprise.<\/li>\n\n\n\n<li>En France, les avanc\u00e9es sociales n\u00e9goci\u00e9es par les syndicats profitent \u00e0 tous les salari\u00e9s, syndiqu\u00e9s ou non. En adh\u00e9rent \u00e0 un syndicat, vous contribuez \u00e0 donner du poids aux n\u00e9gociations ! <\/li>\n\n\n\n<li>Gr\u00e2ce au nombre de ses adh\u00e9rentes et adh\u00e9rents la CFDT p\u00e8se en \u00e9tant repr\u00e9sentative de l\u2019ensemble des travailleuses et travailleurs.<\/li>\n<\/ul>\n<\/li>\n<\/ul>\n\n\n\n<h1 class=\"wp-block-heading has-text-align-center has-large-font-size\">CONVENTION COLLECTIVE<\/h1>\n\n\n\n<ul class=\"wp-block-list\">\n<li>REXEL France est affili\u00e9 \u00e0 la Convention Collective Nationale des Commerce de Gros (CCN3044). Principaux th\u00e8mes o\u00f9 la Convention repr\u00e9sente des avantages par rapport au Code du Travail:<ul><li>Prime de d\u00e9part \u00e0 la retraite<\/li><\/ul><ul><li>Indemnit\u00e9s de licenciement<\/li><\/ul><ul><li>Cong\u00e9s exceptionnels pour mariage, d\u00e9c\u00e8s, d\u00e9m\u00e9nagement.<\/li><\/ul><ul><li>Maintien de la r\u00e9mun\u00e9ration pendant l&rsquo;arr\u00eat de travail.<\/li><\/ul><ul><li>Maternit\u00e9 &amp; paternit\u00e9.<\/li><\/ul>\n<ul class=\"wp-block-list\">\n<li>Heures pour recherche d&#8217;emploi.<\/li>\n<\/ul>\n<\/li>\n<\/ul>\n\n\n\n<p>Lien de t\u00e9l\u00e9chargement ci-apr\u00e8s :<\/p>\n\n\n\n<div class=\"wp-block-file\"><a id=\"wp-block-file--media-867adcaa-4b0b-42a6-b2eb-e895e901ac3f\" href=\"https:\/\/lexer-cfdt.com\/wp-content\/uploads\/2022\/05\/CCN-Commerce-de-gros-juin-2021.pdf\" target=\"_blank\" rel=\"noreferrer noopener\">CCN Commerce de gros juin 2021 (PDF)<\/a><\/div>\n\n\n\n\n\n<figure class=\"wp-block-image size-large\"><a href=\"https:\/\/www.cfdt.fr\/portail\/adhesion\/adherez-en-ligne-jca_221287\" target=\"_blank\" rel=\"noopener\"><img decoding=\"async\" src=\"https:\/\/lexer-cfdt.com\/wp-content\/uploads\/2022\/04\/Affiche_Sourire_modifiable_Twitter-e1650275559473.jpg\" alt=\"\"\/><\/a><\/figure>\n\n\n\n<h2 class=\"wp-block-heading has-background-color has-background-background-color has-text-color has-background\">Lexer Rexel<\/h2>\n","protected":false},"excerpt":{"rendered":"<p>FONCTIONNEMENT DU DIALOGUE SOCIAL DANS L&rsquo;ENTREPRISE : L&rsquo;IMPORTANCE DE VOTER MASSIVEMENT D\u00c9L\u00c9GU\u00c9S SYNDICAUX vs MEMBRES DU CSE D\u00c9FENSEURS SYNDICAUX SYNDICALISATION CONVENTION COLLECTIVE Lien de t\u00e9l\u00e9chargement ci-apr\u00e8s : Lexer Rexel<\/p>\n","protected":false},"author":4,"featured_media":2318,"parent":0,"menu_order":0,"comment_status":"closed","ping_status":"closed","template":"","meta":{"footnotes":""},"class_list":["post-132","page","type-page","status-publish","has-post-thumbnail","hentry"],"_links":{"self":[{"href":"https:\/\/lexer-cfdt.com\/index.php\/wp-json\/wp\/v2\/pages\/132","targetHints":{"allow":["GET"]}}],"collection":[{"href":"https:\/\/lexer-cfdt.com\/index.php\/wp-json\/wp\/v2\/pages"}],"about":[{"href":"https:\/\/lexer-cfdt.com\/index.php\/wp-json\/wp\/v2\/types\/page"}],"author":[{"embeddable":true,"href":"https:\/\/lexer-cfdt.com\/index.php\/wp-json\/wp\/v2\/users\/4"}],"replies":[{"embeddable":true,"href":"https:\/\/lexer-cfdt.com\/index.php\/wp-json\/wp\/v2\/comments?post=132"}],"version-history":[{"count":85,"href":"https:\/\/lexer-cfdt.com\/index.php\/wp-json\/wp\/v2\/pages\/132\/revisions"}],"predecessor-version":[{"id":1865,"href":"https:\/\/lexer-cfdt.com\/index.php\/wp-json\/wp\/v2\/pages\/132\/revisions\/1865"}],"wp:featuredmedia":[{"embeddable":true,"href":"https:\/\/lexer-cfdt.com\/index.php\/wp-json\/wp\/v2\/media\/2318"}],"wp:attachment":[{"href":"https:\/\/lexer-cfdt.com\/index.php\/wp-json\/wp\/v2\/media?parent=132"}],"curies":[{"name":"wp","href":"https:\/\/api.w.org\/{rel}","templated":true}]}}